{"id":5202,"date":"2016-12-14T11:37:33","date_gmt":"2016-12-14T11:37:33","guid":{"rendered":"http:\/\/onebzos.com\/?page_id=5202"},"modified":"2024-10-22T18:07:38","modified_gmt":"2024-10-22T18:07:38","slug":"publicaciones","status":"publish","type":"page","link":"https:\/\/onebzos.com\/?page_id=5202","title":{"rendered":"DISE\u00d1O EDITORIAL"},"content":{"rendered":"<section class=\"l-section wpb_row height_huge color_primary with_img parallax_ver parallaxdir_reversed with_overlay\" id=\"fourth\"><div class=\"l-section-img\" style=\"background-image: url(https:\/\/onebzos.com\/wp-content\/uploads\/2016\/12\/MAESTRANZA_01.jpg);\" data-img-width=\"1024\" data-img-height=\"1024\"><\/div><div class=\"l-section-overlay\" style=\"background-color: rgba(0,0,0,0.6)\"><\/div><div class=\"l-section-h i-cf\"><div class=\"g-cols offset_small\"><div class=\"vc_col-sm-12 wpb_column vc_column_container animate_afl d3\"><div class=\"vc_column-inner\"><div class=\"g-cols wpb_row offset_small vc_inner \"><div class=\"vc_col-sm-2 wpb_column vc_column_container\"><div class=\"vc_column-inner\"><div class=\"w-iconbox iconpos_top size_large style_outlined color_light no_text\"><div class=\"w-iconbox-icon\"><i class=\"fa fa-book\"><\/i><\/div><\/div><\/div><\/div><div class=\"vc_col-sm-10 wpb_column vc_column_container\"><div class=\"vc_column-inner\"><div class=\"wpb_text_column \"><div class=\"wpb_wrapper\">\n<h2>dise\u00f1o<strong>editorial<\/strong><\/h2>\n<\/div> <\/div> <div class=\"wpb_text_column \"><div class=\"wpb_wrapper\"><p>Ofrecemos <strong>servicios<\/strong> editoriales para empresas, editoriales, instituciones, ayuntamientos, universidades, asociaciones, academias, bibliotecas\u2026 Nos ajustamos a las necesidades y sigularidades de cada trabajo.<br \/>\nNuestra <strong>experiencia<\/strong> en la gesti\u00f3n del dise\u00f1o editorial de publicaciones y la continua supervisi\u00f3n de todos los procesos garantiza el <strong>\u00e9xito<\/strong> de cualquier proyecto editorial profesional.<\/p><\/div> <\/div> <\/div><\/div><\/div><\/div><\/div><\/div><\/div><\/section><!-- Row Backgrounds --><div class=\"upb_color\" data-bg-override=\"0\" data-bg-color=\"#ffffff\" data-fadeout=\"\" data-fadeout-percentage=\"30\" data-parallax-content=\"\" data-parallax-content-sense=\"30\" data-row-effect-mobile-disable=\"true\" data-img-parallax-mobile-disable=\"true\" data-rtl=\"false\"  data-custom-vc-row=\"\"  data-vc=\"4.12.1\"  data-is_old_vc=\"\"  data-theme-support=\"\"   data-overlay=\"false\" data-overlay-color=\"\" data-overlay-pattern=\"\" data-overlay-pattern-opacity=\"\" data-overlay-pattern-size=\"\"    ><\/div><section class=\"l-section wpb_row height_auto width_full\"><div class=\"l-section-h i-cf\"><div class=\"g-cols offset_small\"><div class=\"vc_col-sm-12 wpb_column vc_column_container\"><div class=\"vc_column-inner\">\t<div class=\"w-portfolio style_4 cols_3 align_center ratio_1x1\">\t<div class=\"w-portfolio-list\"><div class=\"w-portfolio-item edicion resumen size_1x1\" data-id=\"6201\" data-categories=\"edicion,resumen\">\r\n\t<a class=\"w-portfolio-item-anchor\" href=\"https:\/\/onebzos.com\/wp-content\/uploads\/2024\/10\/CARTOGRAFIA_SVQ.jpg\" ref=\"magnificPopupPortfolio\" title=\"SEVILLA, CARTOGRAF\u00cdA HIST\u00d3RICA\">\r\n\t\t<div class=\"w-portfolio-item-image\" style=\"background-image: url(https:\/\/onebzos.com\/wp-content\/uploads\/2024\/10\/CARTOGRAFIA_SVQ-600x600.jpg)\">\r\n\t\t\t<img loading=\"lazy\" decoding=\"async\" src=\"https:\/\/onebzos.com\/wp-content\/uploads\/2024\/10\/CARTOGRAFIA_SVQ-600x600.jpg\" width=\"600\" height=\"600\" alt=\"SEVILLA, CARTOGRAF\u00cdA HIST\u00d3RICA\" \/>\t\t<\/div>\r\n\t\t\t\t\t\t\t<div class=\"w-portfolio-item-meta\">\r\n\t\t\t\t<div class=\"w-portfolio-item-meta-h\">\r\n\t\t\t\t\t<h2 class=\"w-portfolio-item-title\">SEVILLA, CARTOGRAF\u00cdA HIST\u00d3RICA<\/h2><span class=\"w-portfolio-item-text\">EDICI\u00d3N \/ RESUMEN<\/span>\t\t\t\t\t<span class=\"w-portfolio-item-arrow\"><\/span>\r\n\t\t\t\t<\/div>\r\n\t\t\t<\/div>\r\n\t\t\t<\/a>\r\n<\/div>\r\n<div class=\"w-portfolio-item edicion resumen size_1x1\" data-id=\"6102\" data-categories=\"edicion,resumen\">\r\n\t<a class=\"w-portfolio-item-anchor\" href=\"https:\/\/onebzos.com\/wp-content\/uploads\/2021\/02\/SEVILLA_HISTORIA_1024x1024.jpg\" ref=\"magnificPopupPortfolio\" title=\"SEVILLA, HISTORIA DE SU FORMA URBANA\">\r\n\t\t<div class=\"w-portfolio-item-image\" style=\"background-image: url(https:\/\/onebzos.com\/wp-content\/uploads\/2021\/02\/SEVILLA_HISTORIA_1024x1024-600x600.jpg)\">\r\n\t\t\t<img loading=\"lazy\" decoding=\"async\" src=\"https:\/\/onebzos.com\/wp-content\/uploads\/2021\/02\/SEVILLA_HISTORIA_1024x1024-600x600.jpg\" width=\"600\" height=\"600\" alt=\"SEVILLA, HISTORIA DE SU FORMA URBANA\" \/>\t\t<\/div>\r\n\t\t\t\t\t\t\t<div class=\"w-portfolio-item-meta\">\r\n\t\t\t\t<div class=\"w-portfolio-item-meta-h\">\r\n\t\t\t\t\t<h2 class=\"w-portfolio-item-title\">SEVILLA, HISTORIA DE SU FORMA URBANA<\/h2><span class=\"w-portfolio-item-text\">EDICI\u00d3N \/ RESUMEN<\/span>\t\t\t\t\t<span class=\"w-portfolio-item-arrow\"><\/span>\r\n\t\t\t\t<\/div>\r\n\t\t\t<\/div>\r\n\t\t\t<\/a>\r\n<\/div>\r\n<div class=\"w-portfolio-item edicion resumen size_1x1\" data-id=\"6077\" data-categories=\"edicion,resumen\">\r\n\t<a class=\"w-portfolio-item-anchor\" href=\"https:\/\/onebzos.com\/wp-content\/uploads\/2020\/08\/MURILLO.jpg\" ref=\"magnificPopupPortfolio\" title=\"MURILLO ANTE SU IV CENTENARIO\">\r\n\t\t<div class=\"w-portfolio-item-image\" style=\"background-image: url(https:\/\/onebzos.com\/wp-content\/uploads\/2020\/08\/MURILLO-600x600.jpg)\">\r\n\t\t\t<img loading=\"lazy\" decoding=\"async\" src=\"https:\/\/onebzos.com\/wp-content\/uploads\/2020\/08\/MURILLO-600x600.jpg\" width=\"600\" height=\"600\" alt=\"MURILLO ANTE SU IV CENTENARIO\" \/>\t\t<\/div>\r\n\t\t\t\t\t\t\t<div class=\"w-portfolio-item-meta\">\r\n\t\t\t\t<div class=\"w-portfolio-item-meta-h\">\r\n\t\t\t\t\t<h2 class=\"w-portfolio-item-title\">MURILLO ANTE SU IV CENTENARIO<\/h2><span class=\"w-portfolio-item-text\">EDICI\u00d3N \/ RESUMEN<\/span>\t\t\t\t\t<span class=\"w-portfolio-item-arrow\"><\/span>\r\n\t\t\t\t<\/div>\r\n\t\t\t<\/div>\r\n\t\t\t<\/a>\r\n<\/div>\r\n<div class=\"w-portfolio-item edicion resumen size_1x1\" data-id=\"6049\" data-categories=\"edicion,resumen\">\r\n\t<a class=\"w-portfolio-item-anchor\" href=\"https:\/\/onebzos.com\/wp-content\/uploads\/2020\/08\/CARTOGRAFIA_PUBLICA.jpg\" ref=\"magnificPopupPortfolio\" title=\"CARTOGRAF\u00cdA URBANA DE ANDALUC\u00cdA 1600-1961\">\r\n\t\t<div class=\"w-portfolio-item-image\" style=\"background-image: url(https:\/\/onebzos.com\/wp-content\/uploads\/2020\/08\/CARTOGRAFIA_PUBLICA-600x600.jpg)\">\r\n\t\t\t<img loading=\"lazy\" decoding=\"async\" src=\"https:\/\/onebzos.com\/wp-content\/uploads\/2020\/08\/CARTOGRAFIA_PUBLICA-600x600.jpg\" width=\"600\" height=\"600\" alt=\"CARTOGRAF\u00cdA URBANA DE ANDALUC\u00cdA 1600-1961\" \/>\t\t<\/div>\r\n\t\t\t\t\t\t\t<div class=\"w-portfolio-item-meta\">\r\n\t\t\t\t<div class=\"w-portfolio-item-meta-h\">\r\n\t\t\t\t\t<h2 class=\"w-portfolio-item-title\">CARTOGRAF\u00cdA URBANA DE ANDALUC\u00cdA 1600-1961<\/h2><span class=\"w-portfolio-item-text\">EDICI\u00d3N \/ RESUMEN<\/span>\t\t\t\t\t<span class=\"w-portfolio-item-arrow\"><\/span>\r\n\t\t\t\t<\/div>\r\n\t\t\t<\/div>\r\n\t\t\t<\/a>\r\n<\/div>\r\n<div class=\"w-portfolio-item edicion maestranza resumen size_1x1\" data-id=\"6046\" data-categories=\"edicion,maestranza,resumen\">\r\n\t<a class=\"w-portfolio-item-anchor\" href=\"https:\/\/onebzos.com\/wp-content\/uploads\/2020\/08\/MAESTRANZA_PINTADO.jpg\" ref=\"magnificPopupPortfolio\" title=\"LOS SIETE MUNDOS DE PINTADO &#8211; COLECCI\u00d3N CULTURA Y NOBLEZA\">\r\n\t\t<div class=\"w-portfolio-item-image\" style=\"background-image: url(https:\/\/onebzos.com\/wp-content\/uploads\/2020\/08\/MAESTRANZA_PINTADO-600x600.jpg)\">\r\n\t\t\t<img loading=\"lazy\" decoding=\"async\" src=\"https:\/\/onebzos.com\/wp-content\/uploads\/2020\/08\/MAESTRANZA_PINTADO-600x600.jpg\" width=\"600\" height=\"600\" alt=\"LOS SIETE MUNDOS DE PINTADO &#8211; COLECCI\u00d3N CULTURA Y NOBLEZA\" \/>\t\t<\/div>\r\n\t\t\t\t\t\t\t<div class=\"w-portfolio-item-meta\">\r\n\t\t\t\t<div class=\"w-portfolio-item-meta-h\">\r\n\t\t\t\t\t<h2 class=\"w-portfolio-item-title\">LOS SIETE MUNDOS DE PINTADO &#8211; COLECCI\u00d3N CULTURA Y NOBLEZA<\/h2><span class=\"w-portfolio-item-text\">EDICI\u00d3N \/ MAESTRANZA \/ RESUMEN<\/span>\t\t\t\t\t<span class=\"w-portfolio-item-arrow\"><\/span>\r\n\t\t\t\t<\/div>\r\n\t\t\t<\/div>\r\n\t\t\t<\/a>\r\n<\/div>\r\n<div class=\"w-portfolio-item edicion size_1x1\" data-id=\"6043\" data-categories=\"edicion\">\r\n\t<a class=\"w-portfolio-item-anchor\" href=\"https:\/\/onebzos.com\/wp-content\/uploads\/2020\/08\/MAGALLANES_PUBLICA.jpg\" ref=\"magnificPopupPortfolio\" title=\"CARTOGRAF\u00cdA DE LA PRIMERA VUELTA AL MUNDO\">\r\n\t\t<div class=\"w-portfolio-item-image\" style=\"background-image: url(https:\/\/onebzos.com\/wp-content\/uploads\/2020\/08\/MAGALLANES_PUBLICA-600x600.jpg)\">\r\n\t\t\t<img loading=\"lazy\" decoding=\"async\" src=\"https:\/\/onebzos.com\/wp-content\/uploads\/2020\/08\/MAGALLANES_PUBLICA-600x600.jpg\" width=\"600\" height=\"600\" alt=\"CARTOGRAF\u00cdA DE LA PRIMERA VUELTA AL MUNDO\" \/>\t\t<\/div>\r\n\t\t\t\t\t\t\t<div class=\"w-portfolio-item-meta\">\r\n\t\t\t\t<div class=\"w-portfolio-item-meta-h\">\r\n\t\t\t\t\t<h2 class=\"w-portfolio-item-title\">CARTOGRAF\u00cdA DE LA PRIMERA VUELTA AL MUNDO<\/h2><span class=\"w-portfolio-item-text\">EDICI\u00d3N<\/span>\t\t\t\t\t<span class=\"w-portfolio-item-arrow\"><\/span>\r\n\t\t\t\t<\/div>\r\n\t\t\t<\/div>\r\n\t\t\t<\/a>\r\n<\/div>\r\n<div class=\"w-portfolio-item edicion resumen size_1x1\" data-id=\"6012\" data-categories=\"edicion,resumen\">\r\n\t<a class=\"w-portfolio-item-anchor\" href=\"https:\/\/onebzos.com\/wp-content\/uploads\/2018\/10\/VELAZQUEZ.jpg\" ref=\"magnificPopupPortfolio\" title=\"EL JOVEN VEL\u00c1ZQUEZ\">\r\n\t\t<div class=\"w-portfolio-item-image\" style=\"background-image: url(https:\/\/onebzos.com\/wp-content\/uploads\/2018\/10\/VELAZQUEZ-600x600.jpg)\">\r\n\t\t\t<img loading=\"lazy\" decoding=\"async\" src=\"https:\/\/onebzos.com\/wp-content\/uploads\/2018\/10\/VELAZQUEZ-600x600.jpg\" width=\"600\" height=\"600\" alt=\"EL JOVEN VEL\u00c1ZQUEZ\" \/>\t\t<\/div>\r\n\t\t\t\t\t\t\t<div class=\"w-portfolio-item-meta\">\r\n\t\t\t\t<div class=\"w-portfolio-item-meta-h\">\r\n\t\t\t\t\t<h2 class=\"w-portfolio-item-title\">EL JOVEN VEL\u00c1ZQUEZ<\/h2><span class=\"w-portfolio-item-text\">EDICI\u00d3N \/ RESUMEN<\/span>\t\t\t\t\t<span class=\"w-portfolio-item-arrow\"><\/span>\r\n\t\t\t\t<\/div>\r\n\t\t\t<\/div>\r\n\t\t\t<\/a>\r\n<\/div>\r\n<div class=\"w-portfolio-item edicion maestranza size_1x1\" data-id=\"5918\" data-categories=\"edicion,maestranza\">\r\n\t<a class=\"w-portfolio-item-anchor\" href=\"https:\/\/onebzos.com\/wp-content\/uploads\/2017\/01\/MAESTRANZA_ALBURQUERQUE.jpg\" ref=\"magnificPopupPortfolio\" title=\"MECENAZGO VIRREINAL Y PATROCINIO ART\u00cdSTICO &#8211; COLECCI\u00d3N CULTURA Y NOBLEZA\">\r\n\t\t<div class=\"w-portfolio-item-image\" style=\"background-image: url(https:\/\/onebzos.com\/wp-content\/uploads\/2017\/01\/MAESTRANZA_ALBURQUERQUE-600x600.jpg)\">\r\n\t\t\t<img loading=\"lazy\" decoding=\"async\" src=\"https:\/\/onebzos.com\/wp-content\/uploads\/2017\/01\/MAESTRANZA_ALBURQUERQUE-600x600.jpg\" width=\"600\" height=\"600\" alt=\"MECENAZGO VIRREINAL Y PATROCINIO ART\u00cdSTICO &#8211; COLECCI\u00d3N CULTURA Y NOBLEZA\" \/>\t\t<\/div>\r\n\t\t\t\t\t\t\t<div class=\"w-portfolio-item-meta\">\r\n\t\t\t\t<div class=\"w-portfolio-item-meta-h\">\r\n\t\t\t\t\t<h2 class=\"w-portfolio-item-title\">MECENAZGO VIRREINAL Y PATROCINIO ART\u00cdSTICO &#8211; COLECCI\u00d3N CULTURA Y NOBLEZA<\/h2><span class=\"w-portfolio-item-text\">EDICI\u00d3N \/ MAESTRANZA<\/span>\t\t\t\t\t<span class=\"w-portfolio-item-arrow\"><\/span>\r\n\t\t\t\t<\/div>\r\n\t\t\t<\/div>\r\n\t\t\t<\/a>\r\n<\/div>\r\n<div class=\"w-portfolio-item edicion size_1x1\" data-id=\"5599\" data-categories=\"edicion\">\r\n\t<a class=\"w-portfolio-item-anchor\" href=\"https:\/\/onebzos.com\/wp-content\/uploads\/2017\/01\/CANALSUR_MEMORIA2014.jpg\" ref=\"magnificPopupPortfolio\" title=\"MEMORIA RTVA 2014\">\r\n\t\t<div class=\"w-portfolio-item-image\" style=\"background-image: url(https:\/\/onebzos.com\/wp-content\/uploads\/2017\/01\/CANALSUR_MEMORIA2014-600x600.jpg)\">\r\n\t\t\t<img loading=\"lazy\" decoding=\"async\" src=\"https:\/\/onebzos.com\/wp-content\/uploads\/2017\/01\/CANALSUR_MEMORIA2014-600x600.jpg\" width=\"600\" height=\"600\" alt=\"MEMORIA RTVA 2014\" \/>\t\t<\/div>\r\n\t\t\t\t\t\t\t<div class=\"w-portfolio-item-meta\">\r\n\t\t\t\t<div class=\"w-portfolio-item-meta-h\">\r\n\t\t\t\t\t<h2 class=\"w-portfolio-item-title\">MEMORIA RTVA 2014<\/h2><span class=\"w-portfolio-item-text\">EDICI\u00d3N<\/span>\t\t\t\t\t<span class=\"w-portfolio-item-arrow\"><\/span>\r\n\t\t\t\t<\/div>\r\n\t\t\t<\/div>\r\n\t\t\t<\/a>\r\n<\/div>\r\n<div class=\"w-portfolio-item edicion maestranza size_1x1\" data-id=\"5237\" data-categories=\"edicion,maestranza\">\r\n\t<a class=\"w-portfolio-item-anchor\" href=\"https:\/\/onebzos.com\/wp-content\/uploads\/2016\/12\/MAESTRANZA_GUIOMAR.jpg\" ref=\"magnificPopupPortfolio\" title=\"LA SEVILLA DE DO\u00d1A GUIOMAR MANUEL &#8211; COLECCI\u00d3N CULTURA Y NOBLEZA\">\r\n\t\t<div class=\"w-portfolio-item-image\" style=\"background-image: url(https:\/\/onebzos.com\/wp-content\/uploads\/2016\/12\/MAESTRANZA_GUIOMAR-600x600.jpg)\">\r\n\t\t\t<img loading=\"lazy\" decoding=\"async\" src=\"https:\/\/onebzos.com\/wp-content\/uploads\/2016\/12\/MAESTRANZA_GUIOMAR-600x600.jpg\" width=\"600\" height=\"600\" alt=\"LA SEVILLA DE DO\u00d1A GUIOMAR MANUEL &#8211; COLECCI\u00d3N CULTURA Y NOBLEZA\" \/>\t\t<\/div>\r\n\t\t\t\t\t\t\t<div class=\"w-portfolio-item-meta\">\r\n\t\t\t\t<div class=\"w-portfolio-item-meta-h\">\r\n\t\t\t\t\t<h2 class=\"w-portfolio-item-title\">LA SEVILLA DE DO\u00d1A GUIOMAR MANUEL &#8211; COLECCI\u00d3N CULTURA Y NOBLEZA<\/h2><span class=\"w-portfolio-item-text\">EDICI\u00d3N \/ MAESTRANZA<\/span>\t\t\t\t\t<span class=\"w-portfolio-item-arrow\"><\/span>\r\n\t\t\t\t<\/div>\r\n\t\t\t<\/div>\r\n\t\t\t<\/a>\r\n<\/div>\r\n<div class=\"w-portfolio-item edicion size_1x1\" data-id=\"5234\" data-categories=\"edicion\">\r\n\t<a class=\"w-portfolio-item-anchor\" href=\"https:\/\/onebzos.com\/wp-content\/uploads\/2016\/12\/PATRIMONIO.jpg\" ref=\"magnificPopupPortfolio\" title=\"RECUPERACI\u00d3N VISUAL DEL PATRIMONIO PERDIDO\">\r\n\t\t<div class=\"w-portfolio-item-image\" style=\"background-image: url(https:\/\/onebzos.com\/wp-content\/uploads\/2016\/12\/PATRIMONIO-600x600.jpg)\">\r\n\t\t\t<img loading=\"lazy\" decoding=\"async\" src=\"https:\/\/onebzos.com\/wp-content\/uploads\/2016\/12\/PATRIMONIO-600x600.jpg\" width=\"600\" height=\"600\" alt=\"RECUPERACI\u00d3N VISUAL DEL PATRIMONIO PERDIDO\" \/>\t\t<\/div>\r\n\t\t\t\t\t\t\t<div class=\"w-portfolio-item-meta\">\r\n\t\t\t\t<div class=\"w-portfolio-item-meta-h\">\r\n\t\t\t\t\t<h2 class=\"w-portfolio-item-title\">RECUPERACI\u00d3N VISUAL DEL PATRIMONIO PERDIDO<\/h2><span class=\"w-portfolio-item-text\">EDICI\u00d3N<\/span>\t\t\t\t\t<span class=\"w-portfolio-item-arrow\"><\/span>\r\n\t\t\t\t<\/div>\r\n\t\t\t<\/div>\r\n\t\t\t<\/a>\r\n<\/div>\r\n<div class=\"w-portfolio-item agencia-andaluza-del-agua edicion efs size_1x1\" data-id=\"5231\" data-categories=\"agencia-andaluza-del-agua,edicion,efs\">\r\n\t<a class=\"w-portfolio-item-anchor\" href=\"https:\/\/onebzos.com\/wp-content\/uploads\/2016\/12\/EFS.jpg\" ref=\"magnificPopupPortfolio\" title=\"ESPACIOS FLUVIALES DE ANDALUC\u00cdA &#8211; 2 VOL\u00daMENES\">\r\n\t\t<div class=\"w-portfolio-item-image\" style=\"background-image: url(https:\/\/onebzos.com\/wp-content\/uploads\/2016\/12\/EFS-600x600.jpg)\">\r\n\t\t\t<img loading=\"lazy\" decoding=\"async\" src=\"https:\/\/onebzos.com\/wp-content\/uploads\/2016\/12\/EFS-600x600.jpg\" width=\"600\" height=\"600\" alt=\"ESPACIOS FLUVIALES DE ANDALUC\u00cdA &#8211; 2 VOL\u00daMENES\" \/>\t\t<\/div>\r\n\t\t\t\t\t\t\t<div class=\"w-portfolio-item-meta\">\r\n\t\t\t\t<div class=\"w-portfolio-item-meta-h\">\r\n\t\t\t\t\t<h2 class=\"w-portfolio-item-title\">ESPACIOS FLUVIALES DE ANDALUC\u00cdA &#8211; 2 VOL\u00daMENES<\/h2><span class=\"w-portfolio-item-text\">AGENCIA ANDALUZA DEL AGUA \/ EDICI\u00d3N \/ EFS<\/span>\t\t\t\t\t<span class=\"w-portfolio-item-arrow\"><\/span>\r\n\t\t\t\t<\/div>\r\n\t\t\t<\/div>\r\n\t\t\t<\/a>\r\n<\/div>\r\n<div class=\"w-portfolio-item edicion maestranza size_1x1\" data-id=\"5228\" data-categories=\"edicion,maestranza\">\r\n\t<a class=\"w-portfolio-item-anchor\" href=\"https:\/\/onebzos.com\/wp-content\/uploads\/2016\/12\/MAESTRANZA_INGENIOS.jpg\" ref=\"magnificPopupPortfolio\" title=\"DE TODOS LOS INGENIOS LOS MEJORES &#8211; COLECCI\u00d3N CULTURA Y NOBLEZA\">\r\n\t\t<div class=\"w-portfolio-item-image\" style=\"background-image: url(https:\/\/onebzos.com\/wp-content\/uploads\/2016\/12\/MAESTRANZA_INGENIOS-600x600.jpg)\">\r\n\t\t\t<img loading=\"lazy\" decoding=\"async\" src=\"https:\/\/onebzos.com\/wp-content\/uploads\/2016\/12\/MAESTRANZA_INGENIOS-600x600.jpg\" width=\"600\" height=\"600\" alt=\"DE TODOS LOS INGENIOS LOS MEJORES &#8211; COLECCI\u00d3N CULTURA Y NOBLEZA\" \/>\t\t<\/div>\r\n\t\t\t\t\t\t\t<div class=\"w-portfolio-item-meta\">\r\n\t\t\t\t<div class=\"w-portfolio-item-meta-h\">\r\n\t\t\t\t\t<h2 class=\"w-portfolio-item-title\">DE TODOS LOS INGENIOS LOS MEJORES &#8211; COLECCI\u00d3N CULTURA Y NOBLEZA<\/h2><span class=\"w-portfolio-item-text\">EDICI\u00d3N \/ MAESTRANZA<\/span>\t\t\t\t\t<span class=\"w-portfolio-item-arrow\"><\/span>\r\n\t\t\t\t<\/div>\r\n\t\t\t<\/div>\r\n\t\t\t<\/a>\r\n<\/div>\r\n<div class=\"w-portfolio-item edicion manntiales size_1x1\" data-id=\"5225\" data-categories=\"edicion,manntiales\">\r\n\t<a class=\"w-portfolio-item-anchor\" href=\"https:\/\/onebzos.com\/wp-content\/uploads\/2016\/12\/MANANTIALES.jpg\" ref=\"magnificPopupPortfolio\" title=\"MANANTIALES Y FUENTES DE ANDALUCIA\">\r\n\t\t<div class=\"w-portfolio-item-image\" style=\"background-image: url(https:\/\/onebzos.com\/wp-content\/uploads\/2016\/12\/MANANTIALES-600x600.jpg)\">\r\n\t\t\t<img loading=\"lazy\" decoding=\"async\" src=\"https:\/\/onebzos.com\/wp-content\/uploads\/2016\/12\/MANANTIALES-600x600.jpg\" width=\"600\" height=\"600\" alt=\"MANANTIALES Y FUENTES DE ANDALUCIA\" \/>\t\t<\/div>\r\n\t\t\t\t\t\t\t<div class=\"w-portfolio-item-meta\">\r\n\t\t\t\t<div class=\"w-portfolio-item-meta-h\">\r\n\t\t\t\t\t<h2 class=\"w-portfolio-item-title\">MANANTIALES Y FUENTES DE ANDALUCIA<\/h2><span class=\"w-portfolio-item-text\">EDICI\u00d3N \/ MANANTIALES<\/span>\t\t\t\t\t<span class=\"w-portfolio-item-arrow\"><\/span>\r\n\t\t\t\t<\/div>\r\n\t\t\t<\/div>\r\n\t\t\t<\/a>\r\n<\/div>\r\n<div class=\"w-portfolio-item edicion size_1x1\" data-id=\"5220\" data-categories=\"edicion\">\r\n\t<a class=\"w-portfolio-item-anchor\" href=\"https:\/\/onebzos.com\/wp-content\/uploads\/2016\/12\/RETABLO.jpg\" ref=\"magnificPopupPortfolio\" title=\"EL RETABLO SEVILLANO\">\r\n\t\t<div class=\"w-portfolio-item-image\" style=\"background-image: url(https:\/\/onebzos.com\/wp-content\/uploads\/2016\/12\/RETABLO-600x600.jpg)\">\r\n\t\t\t<img loading=\"lazy\" decoding=\"async\" src=\"https:\/\/onebzos.com\/wp-content\/uploads\/2016\/12\/RETABLO-600x600.jpg\" width=\"600\" height=\"600\" alt=\"EL RETABLO SEVILLANO\" \/>\t\t<\/div>\r\n\t\t\t\t\t\t\t<div class=\"w-portfolio-item-meta\">\r\n\t\t\t\t<div class=\"w-portfolio-item-meta-h\">\r\n\t\t\t\t\t<h2 class=\"w-portfolio-item-title\">EL RETABLO SEVILLANO<\/h2><span class=\"w-portfolio-item-text\">EDICI\u00d3N<\/span>\t\t\t\t\t<span class=\"w-portfolio-item-arrow\"><\/span>\r\n\t\t\t\t<\/div>\r\n\t\t\t<\/div>\r\n\t\t\t<\/a>\r\n<\/div>\r\n<div class=\"w-portfolio-item edicion maestranza size_1x1\" data-id=\"5217\" data-categories=\"edicion,maestranza\">\r\n\t<a class=\"w-portfolio-item-anchor\" href=\"https:\/\/onebzos.com\/wp-content\/uploads\/2016\/12\/MAESTRANZA_EMBLEMAS.jpg\" ref=\"magnificPopupPortfolio\" title=\"LOS EMBLEMAS HER\u00c1LDICOS &#8211; COLECCI\u00d3N CULTURA Y NOBLEZA\">\r\n\t\t<div class=\"w-portfolio-item-image\" style=\"background-image: url(https:\/\/onebzos.com\/wp-content\/uploads\/2016\/12\/MAESTRANZA_EMBLEMAS-600x600.jpg)\">\r\n\t\t\t<img loading=\"lazy\" decoding=\"async\" src=\"https:\/\/onebzos.com\/wp-content\/uploads\/2016\/12\/MAESTRANZA_EMBLEMAS-600x600.jpg\" width=\"600\" height=\"600\" alt=\"LOS EMBLEMAS HER\u00c1LDICOS &#8211; COLECCI\u00d3N CULTURA Y NOBLEZA\" \/>\t\t<\/div>\r\n\t\t\t\t\t\t\t<div class=\"w-portfolio-item-meta\">\r\n\t\t\t\t<div class=\"w-portfolio-item-meta-h\">\r\n\t\t\t\t\t<h2 class=\"w-portfolio-item-title\">LOS EMBLEMAS HER\u00c1LDICOS &#8211; COLECCI\u00d3N CULTURA Y NOBLEZA<\/h2><span class=\"w-portfolio-item-text\">EDICI\u00d3N \/ MAESTRANZA<\/span>\t\t\t\t\t<span class=\"w-portfolio-item-arrow\"><\/span>\r\n\t\t\t\t<\/div>\r\n\t\t\t<\/div>\r\n\t\t\t<\/a>\r\n<\/div>\r\n<div class=\"w-portfolio-item edicion size_1x1\" data-id=\"5214\" data-categories=\"edicion\">\r\n\t<a class=\"w-portfolio-item-anchor\" href=\"https:\/\/onebzos.com\/wp-content\/uploads\/2016\/12\/IAU.jpg\" ref=\"magnificPopupPortfolio\" title=\"INVESTIGACI\u00d3N EN ARQUITECTURA Y URBANISMO\">\r\n\t\t<div class=\"w-portfolio-item-image\" style=\"background-image: url(https:\/\/onebzos.com\/wp-content\/uploads\/2016\/12\/IAU-600x600.jpg)\">\r\n\t\t\t<img loading=\"lazy\" decoding=\"async\" src=\"https:\/\/onebzos.com\/wp-content\/uploads\/2016\/12\/IAU-600x600.jpg\" width=\"600\" height=\"600\" alt=\"INVESTIGACI\u00d3N EN ARQUITECTURA Y URBANISMO\" \/>\t\t<\/div>\r\n\t\t\t\t\t\t\t<div class=\"w-portfolio-item-meta\">\r\n\t\t\t\t<div class=\"w-portfolio-item-meta-h\">\r\n\t\t\t\t\t<h2 class=\"w-portfolio-item-title\">INVESTIGACI\u00d3N EN ARQUITECTURA Y URBANISMO<\/h2><span class=\"w-portfolio-item-text\">EDICI\u00d3N<\/span>\t\t\t\t\t<span class=\"w-portfolio-item-arrow\"><\/span>\r\n\t\t\t\t<\/div>\r\n\t\t\t<\/div>\r\n\t\t\t<\/a>\r\n<\/div>\r\n<\/div><\/div><\/div><\/div><\/div><\/div><\/section><!-- Row Backgrounds --><div class=\"upb_color\" data-bg-override=\"0\" data-bg-color=\"rgba(255,255,255,0.91)\" data-fadeout=\"\" data-fadeout-percentage=\"30\" data-parallax-content=\"\" data-parallax-content-sense=\"30\" data-row-effect-mobile-disable=\"true\" data-img-parallax-mobile-disable=\"true\" data-rtl=\"false\"  data-custom-vc-row=\"\"  data-vc=\"4.12.1\"  data-is_old_vc=\"\"  data-theme-support=\"\"   data-overlay=\"false\" data-overlay-color=\"\" data-overlay-pattern=\"\" data-overlay-pattern-opacity=\"\" data-overlay-pattern-size=\"\"    ><\/div>\n","protected":false},"excerpt":{"rendered":"","protected":false},"author":1,"featured_media":0,"parent":0,"menu_order":0,"comment_status":"closed","ping_status":"closed","template":"","meta":{"footnotes":""},"class_list":["post-5202","page","type-page","status-publish","hentry"],"_links":{"self":[{"href":"https:\/\/onebzos.com\/index.php?rest_route=\/wp\/v2\/pages\/5202","targetHints":{"allow":["GET"]}}],"collection":[{"href":"https:\/\/onebzos.com\/index.php?rest_route=\/wp\/v2\/pages"}],"about":[{"href":"https:\/\/onebzos.com\/index.php?rest_route=\/wp\/v2\/types\/page"}],"author":[{"embeddable":true,"href":"https:\/\/onebzos.com\/index.php?rest_route=\/wp\/v2\/users\/1"}],"replies":[{"embeddable":true,"href":"https:\/\/onebzos.com\/index.php?rest_route=%2Fwp%2Fv2%2Fcomments&post=5202"}],"version-history":[{"count":80,"href":"https:\/\/onebzos.com\/index.php?rest_route=\/wp\/v2\/pages\/5202\/revisions"}],"predecessor-version":[{"id":6212,"href":"https:\/\/onebzos.com\/index.php?rest_route=\/wp\/v2\/pages\/5202\/revisions\/6212"}],"wp:attachment":[{"href":"https:\/\/onebzos.com\/index.php?rest_route=%2Fwp%2Fv2%2Fmedia&parent=5202"}],"curies":[{"name":"wp","href":"https:\/\/api.w.org\/{rel}","templated":true}]}}