{"id":5922,"date":"2017-01-24T15:45:26","date_gmt":"2017-01-24T15:45:26","guid":{"rendered":"http:\/\/onebzos.com\/?page_id=5922"},"modified":"2017-02-24T15:47:16","modified_gmt":"2017-02-24T15:47:16","slug":"servicios","status":"publish","type":"page","link":"https:\/\/onebzos.com\/?page_id=5922","title":{"rendered":"SERVICIOS"},"content":{"rendered":"<section class=\"l-section wpb_row height_large color_primary with_img parallax_ver parallaxdir_reversed with_overlay\" id=\"fourth\"><div class=\"l-section-img\" style=\"background-image: url(https:\/\/onebzos.com\/wp-content\/uploads\/2017\/01\/fondo.jpg);\" data-img-width=\"1140\" data-img-height=\"400\"><\/div><div class=\"l-section-overlay\" style=\"background-color: rgba(0,0,0,0.6)\"><\/div><div class=\"l-section-h i-cf\"><div class=\"g-cols offset_large\"><div class=\"vc_col-sm-6 wpb_column vc_column_container animate_afl d1\"><div class=\"vc_column-inner\"><div class=\"w-image align_center\"><div class=\"us-frame\"><img loading=\"lazy\" decoding=\"async\" width=\"1600\" height=\"444\" src=\"https:\/\/onebzos.com\/wp-content\/uploads\/2016\/11\/LOGO_GRANDE.png\" class=\"attachment-full size-full\" alt=\"\" srcset=\"https:\/\/onebzos.com\/wp-content\/uploads\/2016\/11\/LOGO_GRANDE.png 1600w, https:\/\/onebzos.com\/wp-content\/uploads\/2016\/11\/LOGO_GRANDE-300x83.png 300w, https:\/\/onebzos.com\/wp-content\/uploads\/2016\/11\/LOGO_GRANDE-768x213.png 768w, https:\/\/onebzos.com\/wp-content\/uploads\/2016\/11\/LOGO_GRANDE-1024x284.png 1024w, https:\/\/onebzos.com\/wp-content\/uploads\/2016\/11\/LOGO_GRANDE-600x167.png 600w\" sizes=\"auto, (max-width: 1600px) 100vw, 1600px\" \/><\/div><\/div><\/div><\/div><div class=\"vc_col-sm-6 wpb_column vc_column_container animate_afr\"><div class=\"vc_column-inner\"><div class=\"wpb_text_column \"><div class=\"wpb_wrapper\"><p>Ofrecemos toda clase de servicios creativos, no dudes en hacernos part\u00edcipes de tus ideas y pondremos a tu disposici\u00f3n todo un equipo de profesionales dispuestos a sacar el m\u00e1ximo partido a cada proyecto. Es complicado acotar nuestra lista de servicios, pero a continuaci\u00f3n tienes un breve resumen.<br \/>\nTambi\u00e9n ofrecemos otros servicios creativos como fotograf\u00eda publicitaria, fotograf\u00eda de producto, ilustraci\u00f3n, naming, rotulaci\u00f3n, impresi\u00f3n digital y offset, impresi\u00f3n y corte de vinilo, etc&#8230;<\/p>\n<p>&nbsp;<\/p>\n<\/p><\/div> <\/div> <\/div><\/div><\/div><\/div><\/section><section class=\"l-section wpb_row height_medium\"><div class=\"l-section-h i-cf\"><div class=\"g-cols offset_small\"><div class=\"vc_col-sm-3 wpb_column vc_column_container\"><div class=\"vc_column-inner\"><div class=\"w-iconbox iconpos_top size_tiny style_outlined color_primary\"><a class=\"w-iconbox-link\" href=\"http:\/\/onebzos.com\/?page_id=5310\"><div class=\"w-iconbox-icon\"><i class=\"fa fa-eye\"><\/i><\/div><h4 class=\"w-iconbox-title\">Identidad Corporativa<\/h4><\/a><div class=\"w-iconbox-text\">Ofrecemos servicios de dise\u00f1o y redise\u00f1o de logotipos y s\u00edmbolos. Concepci\u00f3n de im\u00e1genes corporativas completas. <\/div><\/div><\/div><\/div><div class=\"vc_col-sm-3 wpb_column vc_column_container\"><div class=\"vc_column-inner\"><div class=\"w-iconbox iconpos_top size_tiny style_outlined color_primary\"><a class=\"w-iconbox-link\" href=\"http:\/\/onebzos.com\/?page_id=5308\"><div class=\"w-iconbox-icon\"><i class=\"fa fa-pencil\"><\/i><\/div><h4 class=\"w-iconbox-title\">Dise\u00f1o Gr\u00e1fico<\/h4><\/a><div class=\"w-iconbox-text\">Papeler\u00eda corporativa y promocional, d\u00edpticos, tr\u00edpticos, flyers o carteles. Servicios de dise\u00f1o gr\u00e1fico de vallas, marquesinas, mupys y autobuses.<\/p>\n<\/div><\/div><\/div><\/div><div class=\"vc_col-sm-3 wpb_column vc_column_container\"><div class=\"vc_column-inner\"><div class=\"w-iconbox iconpos_top size_tiny style_outlined color_primary\"><a class=\"w-iconbox-link\" href=\"http:\/\/onebzos.com\/?page_id=5202\"><div class=\"w-iconbox-icon\"><i class=\"fa fa-book\"><\/i><\/div><h4 class=\"w-iconbox-title\">Dise\u00f1o Editorial<\/h4><\/a><div class=\"w-iconbox-text\">Llevamos a cabo el dise\u00f1o y maquetaci\u00f3n de libros, revistas corporativas, dossieres, magazines, memorias&#8230; <\/div><\/div><\/div><\/div><div class=\"vc_col-sm-3 wpb_column vc_column_container\"><div class=\"vc_column-inner\"><div class=\"w-iconbox iconpos_top size_tiny style_outlined color_primary\"><a class=\"w-iconbox-link\" href=\"http:\/\/onebzos.com\/?page_id=5312\"><div class=\"w-iconbox-icon\"><i class=\"fa fa-archive\"><\/i><\/div><h4 class=\"w-iconbox-title\">Packaging<\/h4><\/a><div class=\"w-iconbox-text\">Dise\u00f1amos el contenedor o envase, etiquetado, embalaje exterior o contenedores especiales para cualquier tipo de producto<br \/>\n<\/div><\/div><\/div><\/div><div class=\"vc_col-sm-12 wpb_column vc_column_container\"><div class=\"vc_column-inner\"><\/div><\/div><\/div><\/div><\/section><div class=\"vc_col-sm-12 wpb_column vc_column_container animate_afc d2\"><div class=\"vc_column-inner\"><\/div><\/div>\n","protected":false},"excerpt":{"rendered":"Ofrecemos toda clase de servicios creativos, no dudes en hacernos part\u00edcipes de tus ideas y pondremos a tu disposici\u00f3n todo un equipo de profesionales dispuestos a sacar el m\u00e1ximo partido...","protected":false},"author":1,"featured_media":0,"parent":0,"menu_order":0,"comment_status":"closed","ping_status":"closed","template":"","meta":{"footnotes":""},"class_list":["post-5922","page","type-page","status-publish","hentry"],"_links":{"self":[{"href":"https:\/\/onebzos.com\/index.php?rest_route=\/wp\/v2\/pages\/5922","targetHints":{"allow":["GET"]}}],"collection":[{"href":"https:\/\/onebzos.com\/index.php?rest_route=\/wp\/v2\/pages"}],"about":[{"href":"https:\/\/onebzos.com\/index.php?rest_route=\/wp\/v2\/types\/page"}],"author":[{"embeddable":true,"href":"https:\/\/onebzos.com\/index.php?rest_route=\/wp\/v2\/users\/1"}],"replies":[{"embeddable":true,"href":"https:\/\/onebzos.com\/index.php?rest_route=%2Fwp%2Fv2%2Fcomments&post=5922"}],"version-history":[{"count":7,"href":"https:\/\/onebzos.com\/index.php?rest_route=\/wp\/v2\/pages\/5922\/revisions"}],"predecessor-version":[{"id":5984,"href":"https:\/\/onebzos.com\/index.php?rest_route=\/wp\/v2\/pages\/5922\/revisions\/5984"}],"wp:attachment":[{"href":"https:\/\/onebzos.com\/index.php?rest_route=%2Fwp%2Fv2%2Fmedia&parent=5922"}],"curies":[{"name":"wp","href":"https:\/\/api.w.org\/{rel}","templated":true}]}}